{"id":110,"date":"2020-06-24T16:45:06","date_gmt":"2020-06-24T14:45:06","guid":{"rendered":"https:\/\/kein-planet-b.de\/ratgeber\/?page_id=110"},"modified":"2024-05-29T08:46:29","modified_gmt":"2024-05-29T06:46:29","slug":"lifestyle","status":"publish","type":"page","link":"https:\/\/www.kein-planet-b.de\/ratgeber\/lifestyle\/","title":{"rendered":"Lifestyle"},"content":{"rendered":"<p>[vc_row][vc_column][vc_single_image image=&#8220;1449&#8243; img_size=&#8220;full&#8220; alignment=&#8220;center&#8220;][\/vc_column][\/vc_row][vc_row][vc_column][vc_column_text]<\/p>\n<h1 style=\"text-align: center;\">Lifestyle-Ratgeber<\/h1>\n<p>[\/vc_column_text][\/vc_column][\/vc_row][vc_row][vc_column width=&#8220;1\/2&#8243;][vc_column_text]Im kein Planet B Ratgeber findest du zahlreiche spannende Artikel rund um nachhaltigen Lifestyle. Es gibt viele Lebensbereiche, an die man zun\u00e4chst gar nicht denkt, wenn man sein Leben nachhaltiger gestalten m\u00f6chte. Wir geben dir wertvolle Tipps, was du im Alltag beachten solltest, um deinen \u00f6kologischen Fu\u00dfabdruck zu verringern.[\/vc_column_text][\/vc_column][vc_column width=&#8220;1\/2&#8243;][vc_column_text]Bei uns kannst du dich neben vielen anderen Themen zum Beispiel \u00fcber \u00d6ko-Strom, nachhaltige Mobilit\u00e4t oder empfehlenswerte Dokus rund um Nachhaltigkeit informieren.[\/vc_column_text][\/vc_column][\/vc_row][vc_row][vc_column][vc_text_separator title=&#8220;Neuste Beitr\u00e4ge&#8220;][vc_masonry_grid post_type=&#8220;post&#8220; max_items=&#8220;10&#8243; grid_id=&#8220;vc_gid:1716965170098-a5a1f0d6-2e43-7&#8243; taxonomies=&#8220;31&#8243;][\/vc_column][\/vc_row]<\/p>\n","protected":false},"excerpt":{"rendered":"<p>[vc_row][vc_column][vc_single_image image=&#8220;1449&#8243; img_size=&#8220;full&#8220; alignment=&#8220;center&#8220;][\/vc_column][\/vc_row][vc_row][vc_column][vc_column_text] Lifestyle-Ratgeber [\/vc_column_text][\/vc_column][\/vc_row][vc_row][vc_column width=&#8220;1\/2&#8243;][vc_column_text]Im kein Planet B Ratgeber findest du zahlreiche spannende Artikel rund um nachhaltigen Lifestyle. Es gibt viele Lebensbereiche, an die man zun\u00e4chst gar nicht denkt, wenn man sein Leben nachhaltiger gestalten m\u00f6chte. Wir geben dir wertvolle Tipps, was du im Alltag beachten solltest, um deinen \u00f6kologischen Fu\u00dfabdruck zu verringern.[\/vc_column_text][\/vc_column][vc_column&hellip;<\/p>\n","protected":false},"author":1,"featured_media":0,"parent":0,"menu_order":2,"comment_status":"closed","ping_status":"closed","template":"","meta":[],"yoast_head":"<!-- This site is optimized with the Yoast SEO plugin v17.1 - https:\/\/yoast.com\/wordpress\/plugins\/seo\/ -->\n<title>Lifestyle-Ratgeber von kein Planet B f\u00fcr mehr Nachhaltigkeit im Alltag<\/title>\n<meta name=\"description\" content=\"Spannende Artikel zum nachhaltigen Lifestyle findet Ihr hier im kein Planet B Ratgeber. Jetzt Beitr\u00e4ge \u00fcber \u00d6kostrom, E-Mobilit\u00e4t uvw. lesen!\" \/>\n<meta name=\"robots\" content=\"index, follow, max-snippet:-1, max-image-preview:large, max-video-preview:-1\" \/>\n<link rel=\"canonical\" href=\"https:\/\/www.kein-planet-b.de\/ratgeber\/lifestyle\/\" \/>\n<meta property=\"og:locale\" content=\"de_DE\" \/>\n<meta property=\"og:type\" content=\"article\" \/>\n<meta property=\"og:title\" content=\"Lifestyle-Ratgeber von kein Planet B f\u00fcr mehr Nachhaltigkeit im Alltag\" \/>\n<meta property=\"og:description\" content=\"Spannende Artikel zum nachhaltigen Lifestyle findet Ihr hier im kein Planet B Ratgeber. Jetzt Beitr\u00e4ge \u00fcber \u00d6kostrom, E-Mobilit\u00e4t uvw. lesen!\" \/>\n<meta property=\"og:url\" content=\"https:\/\/www.kein-planet-b.de\/ratgeber\/lifestyle\/\" \/>\n<meta property=\"og:site_name\" content=\"Kein Planet B Ratgeber\" \/>\n<meta property=\"article:modified_time\" content=\"2024-05-29T06:46:29+00:00\" \/>\n<meta name=\"twitter:card\" content=\"summary_large_image\" \/>\n<meta name=\"twitter:label1\" content=\"Gesch\u00e4tzte Lesezeit\" \/>\n\t<meta name=\"twitter:data1\" content=\"1\u00a0Minute\" \/>\n<script type=\"application\/ld+json\" class=\"yoast-schema-graph\">{\"@context\":\"https:\/\/schema.org\",\"@graph\":[{\"@type\":\"WebSite\",\"@id\":\"https:\/\/www.stallbedarf24.de\/ratgeber\/#website\",\"url\":\"https:\/\/www.stallbedarf24.de\/ratgeber\/\",\"name\":\"Kein Planet B Ratgeber\",\"description\":\"\",\"potentialAction\":[{\"@type\":\"SearchAction\",\"target\":{\"@type\":\"EntryPoint\",\"urlTemplate\":\"https:\/\/www.stallbedarf24.de\/ratgeber\/?s={search_term_string}\"},\"query-input\":\"required name=search_term_string\"}],\"inLanguage\":\"de\"},{\"@type\":\"WebPage\",\"@id\":\"https:\/\/www.kein-planet-b.de\/ratgeber\/lifestyle\/#webpage\",\"url\":\"https:\/\/www.kein-planet-b.de\/ratgeber\/lifestyle\/\",\"name\":\"Lifestyle-Ratgeber von kein Planet B f\\u00fcr mehr Nachhaltigkeit im Alltag\",\"isPartOf\":{\"@id\":\"https:\/\/www.stallbedarf24.de\/ratgeber\/#website\"},\"datePublished\":\"2020-06-24T14:45:06+00:00\",\"dateModified\":\"2024-05-29T06:46:29+00:00\",\"description\":\"Spannende Artikel zum nachhaltigen Lifestyle findet Ihr hier im kein Planet B Ratgeber. Jetzt Beitr\\u00e4ge \\u00fcber \\u00d6kostrom, E-Mobilit\\u00e4t uvw. lesen!\",\"breadcrumb\":{\"@id\":\"https:\/\/www.kein-planet-b.de\/ratgeber\/lifestyle\/#breadcrumb\"},\"inLanguage\":\"de\",\"potentialAction\":[{\"@type\":\"ReadAction\",\"target\":[\"https:\/\/www.kein-planet-b.de\/ratgeber\/lifestyle\/\"]}]},{\"@type\":\"BreadcrumbList\",\"@id\":\"https:\/\/www.kein-planet-b.de\/ratgeber\/lifestyle\/#breadcrumb\",\"itemListElement\":[{\"@type\":\"ListItem\",\"position\":1,\"name\":\"Startseite\",\"item\":\"https:\/\/www.kein-planet-b.de\/ratgeber\/\"},{\"@type\":\"ListItem\",\"position\":2,\"name\":\"Lifestyle\"}]}]}<\/script>\n<!-- \/ Yoast SEO plugin. -->","yoast_head_json":{"title":"Lifestyle-Ratgeber von kein Planet B f\u00fcr mehr Nachhaltigkeit im Alltag","description":"Spannende Artikel zum nachhaltigen Lifestyle findet Ihr hier im kein Planet B Ratgeber. Jetzt Beitr\u00e4ge \u00fcber \u00d6kostrom, E-Mobilit\u00e4t uvw. lesen!","robots":{"index":"index","follow":"follow","max-snippet":"max-snippet:-1","max-image-preview":"max-image-preview:large","max-video-preview":"max-video-preview:-1"},"canonical":"https:\/\/www.kein-planet-b.de\/ratgeber\/lifestyle\/","og_locale":"de_DE","og_type":"article","og_title":"Lifestyle-Ratgeber von kein Planet B f\u00fcr mehr Nachhaltigkeit im Alltag","og_description":"Spannende Artikel zum nachhaltigen Lifestyle findet Ihr hier im kein Planet B Ratgeber. Jetzt Beitr\u00e4ge \u00fcber \u00d6kostrom, E-Mobilit\u00e4t uvw. lesen!","og_url":"https:\/\/www.kein-planet-b.de\/ratgeber\/lifestyle\/","og_site_name":"Kein Planet B Ratgeber","article_modified_time":"2024-05-29T06:46:29+00:00","twitter_card":"summary_large_image","twitter_misc":{"Gesch\u00e4tzte Lesezeit":"1\u00a0Minute"},"schema":{"@context":"https:\/\/schema.org","@graph":[{"@type":"WebSite","@id":"https:\/\/www.stallbedarf24.de\/ratgeber\/#website","url":"https:\/\/www.stallbedarf24.de\/ratgeber\/","name":"Kein Planet B Ratgeber","description":"","potentialAction":[{"@type":"SearchAction","target":{"@type":"EntryPoint","urlTemplate":"https:\/\/www.stallbedarf24.de\/ratgeber\/?s={search_term_string}"},"query-input":"required name=search_term_string"}],"inLanguage":"de"},{"@type":"WebPage","@id":"https:\/\/www.kein-planet-b.de\/ratgeber\/lifestyle\/#webpage","url":"https:\/\/www.kein-planet-b.de\/ratgeber\/lifestyle\/","name":"Lifestyle-Ratgeber von kein Planet B f\u00fcr mehr Nachhaltigkeit im Alltag","isPartOf":{"@id":"https:\/\/www.stallbedarf24.de\/ratgeber\/#website"},"datePublished":"2020-06-24T14:45:06+00:00","dateModified":"2024-05-29T06:46:29+00:00","description":"Spannende Artikel zum nachhaltigen Lifestyle findet Ihr hier im kein Planet B Ratgeber. Jetzt Beitr\u00e4ge \u00fcber \u00d6kostrom, E-Mobilit\u00e4t uvw. lesen!","breadcrumb":{"@id":"https:\/\/www.kein-planet-b.de\/ratgeber\/lifestyle\/#breadcrumb"},"inLanguage":"de","potentialAction":[{"@type":"ReadAction","target":["https:\/\/www.kein-planet-b.de\/ratgeber\/lifestyle\/"]}]},{"@type":"BreadcrumbList","@id":"https:\/\/www.kein-planet-b.de\/ratgeber\/lifestyle\/#breadcrumb","itemListElement":[{"@type":"ListItem","position":1,"name":"Startseite","item":"https:\/\/www.kein-planet-b.de\/ratgeber\/"},{"@type":"ListItem","position":2,"name":"Lifestyle"}]}]}},"_links":{"self":[{"href":"https:\/\/www.kein-planet-b.de\/ratgeber\/wp-json\/wp\/v2\/pages\/110"}],"collection":[{"href":"https:\/\/www.kein-planet-b.de\/ratgeber\/wp-json\/wp\/v2\/pages"}],"about":[{"href":"https:\/\/www.kein-planet-b.de\/ratgeber\/wp-json\/wp\/v2\/types\/page"}],"author":[{"embeddable":true,"href":"https:\/\/www.kein-planet-b.de\/ratgeber\/wp-json\/wp\/v2\/users\/1"}],"replies":[{"embeddable":true,"href":"https:\/\/www.kein-planet-b.de\/ratgeber\/wp-json\/wp\/v2\/comments?post=110"}],"version-history":[{"count":15,"href":"https:\/\/www.kein-planet-b.de\/ratgeber\/wp-json\/wp\/v2\/pages\/110\/revisions"}],"predecessor-version":[{"id":165,"href":"https:\/\/www.kein-planet-b.de\/ratgeber\/wp-json\/wp\/v2\/pages\/110\/revisions\/165"}],"wp:attachment":[{"href":"https:\/\/www.kein-planet-b.de\/ratgeber\/wp-json\/wp\/v2\/media?parent=110"}],"curies":[{"name":"wp","href":"https:\/\/api.w.org\/{rel}","templated":true}]}}