{"id":167,"date":"2020-06-26T11:10:30","date_gmt":"2020-06-26T09:10:30","guid":{"rendered":"https:\/\/kein-planet-b.de\/ratgeber\/?page_id=167"},"modified":"2024-05-29T08:47:54","modified_gmt":"2024-05-29T06:47:54","slug":"fair-fashion","status":"publish","type":"page","link":"https:\/\/www.kein-planet-b.de\/ratgeber\/fair-fashion\/","title":{"rendered":"Fair Fashion"},"content":{"rendered":"<p>[vc_row][vc_column][vc_single_image image=&#8220;1451&#8243; img_size=&#8220;full&#8220; alignment=&#8220;center&#8220;][\/vc_column][\/vc_row][vc_row][vc_column][vc_column_text]<\/p>\n<h1 style=\"text-align: center;\">Fair Fashion-Ratgeber<\/h1>\n<p>[\/vc_column_text][\/vc_column][\/vc_row][vc_row][vc_column width=&#8220;1\/2&#8243;][vc_column_text]Hier im kein Planet B Ratgeber findest du viele spannende Informationen rund um nachhaltige Mode. Was bedeuten Fair Fashion und Slow Fashion und wieso ist Fast Fashion so sch\u00e4dlich f\u00fcr unseren Planeten?[\/vc_column_text][\/vc_column][vc_column width=&#8220;1\/2&#8243;][vc_column_text]Wir erkl\u00e4ren dir, worauf du bei der Wahl deiner Kleidung achten solltest und auf welche Shops und Marken du zur\u00fcckgreifen kannst, wenn du nach stylischen und fairen Kleidungsst\u00fccken suchst.[\/vc_column_text][\/vc_column][\/vc_row][vc_row][vc_column][vc_text_separator title=&#8220;Neuste Beitr\u00e4ge&#8220;][\/vc_column][\/vc_row][vc_column][vc_masonry_grid post_type=&#8220;post&#8220; max_items=&#8220;10&#8243; grid_id=&#8220;vc_gid:1716965261273-265fc271-5fe9-0&#8243; taxonomies=&#8220;16&#8243;][\/vc_column]<\/p>\n","protected":false},"excerpt":{"rendered":"<p>[vc_row][vc_column][vc_single_image image=&#8220;1451&#8243; img_size=&#8220;full&#8220; alignment=&#8220;center&#8220;][\/vc_column][\/vc_row][vc_row][vc_column][vc_column_text] Fair Fashion-Ratgeber [\/vc_column_text][\/vc_column][\/vc_row][vc_row][vc_column width=&#8220;1\/2&#8243;][vc_column_text]Hier im kein Planet B Ratgeber findest du viele spannende Informationen rund um nachhaltige Mode. Was bedeuten Fair Fashion und Slow Fashion und wieso ist Fast Fashion so sch\u00e4dlich f\u00fcr unseren Planeten?[\/vc_column_text][\/vc_column][vc_column width=&#8220;1\/2&#8243;][vc_column_text]Wir erkl\u00e4ren dir, worauf du bei der Wahl deiner Kleidung achten solltest und auf welche Shops&hellip;<\/p>\n","protected":false},"author":1,"featured_media":0,"parent":0,"menu_order":3,"comment_status":"closed","ping_status":"closed","template":"","meta":[],"yoast_head":"<!-- This site is optimized with the Yoast SEO plugin v17.1 - https:\/\/yoast.com\/wordpress\/plugins\/seo\/ -->\n<title>Fair Fashion-Ratgeber von kein Planet B f\u00fcr den fairen Kleiderschrank<\/title>\n<meta name=\"description\" content=\"Hier im Fair Fashion-Ratgeber von kein Planet B findet Ihr spannende Infos rund um Slow Fashion, Second Hand und nachhaltige Mode.\" \/>\n<meta name=\"robots\" content=\"index, follow, max-snippet:-1, max-image-preview:large, max-video-preview:-1\" \/>\n<link rel=\"canonical\" href=\"https:\/\/www.kein-planet-b.de\/ratgeber\/fair-fashion\/\" \/>\n<meta property=\"og:locale\" content=\"de_DE\" \/>\n<meta property=\"og:type\" content=\"article\" \/>\n<meta property=\"og:title\" content=\"Fair Fashion-Ratgeber von kein Planet B f\u00fcr den fairen Kleiderschrank\" \/>\n<meta property=\"og:description\" content=\"Hier im Fair Fashion-Ratgeber von kein Planet B findet Ihr spannende Infos rund um Slow Fashion, Second Hand und nachhaltige Mode.\" \/>\n<meta property=\"og:url\" content=\"https:\/\/www.kein-planet-b.de\/ratgeber\/fair-fashion\/\" \/>\n<meta property=\"og:site_name\" content=\"Kein Planet B Ratgeber\" \/>\n<meta property=\"article:modified_time\" content=\"2024-05-29T06:47:54+00:00\" \/>\n<meta name=\"twitter:card\" content=\"summary_large_image\" \/>\n<meta name=\"twitter:label1\" content=\"Gesch\u00e4tzte Lesezeit\" \/>\n\t<meta name=\"twitter:data1\" content=\"1\u00a0Minute\" \/>\n<script type=\"application\/ld+json\" class=\"yoast-schema-graph\">{\"@context\":\"https:\/\/schema.org\",\"@graph\":[{\"@type\":\"WebSite\",\"@id\":\"https:\/\/www.stallbedarf24.de\/ratgeber\/#website\",\"url\":\"https:\/\/www.stallbedarf24.de\/ratgeber\/\",\"name\":\"Kein Planet B Ratgeber\",\"description\":\"\",\"potentialAction\":[{\"@type\":\"SearchAction\",\"target\":{\"@type\":\"EntryPoint\",\"urlTemplate\":\"https:\/\/www.stallbedarf24.de\/ratgeber\/?s={search_term_string}\"},\"query-input\":\"required name=search_term_string\"}],\"inLanguage\":\"de\"},{\"@type\":\"WebPage\",\"@id\":\"https:\/\/www.kein-planet-b.de\/ratgeber\/fair-fashion\/#webpage\",\"url\":\"https:\/\/www.kein-planet-b.de\/ratgeber\/fair-fashion\/\",\"name\":\"Fair Fashion-Ratgeber von kein Planet B f\\u00fcr den fairen Kleiderschrank\",\"isPartOf\":{\"@id\":\"https:\/\/www.stallbedarf24.de\/ratgeber\/#website\"},\"datePublished\":\"2020-06-26T09:10:30+00:00\",\"dateModified\":\"2024-05-29T06:47:54+00:00\",\"description\":\"Hier im Fair Fashion-Ratgeber von kein Planet B findet Ihr spannende Infos rund um Slow Fashion, Second Hand und nachhaltige Mode.\",\"breadcrumb\":{\"@id\":\"https:\/\/www.kein-planet-b.de\/ratgeber\/fair-fashion\/#breadcrumb\"},\"inLanguage\":\"de\",\"potentialAction\":[{\"@type\":\"ReadAction\",\"target\":[\"https:\/\/www.kein-planet-b.de\/ratgeber\/fair-fashion\/\"]}]},{\"@type\":\"BreadcrumbList\",\"@id\":\"https:\/\/www.kein-planet-b.de\/ratgeber\/fair-fashion\/#breadcrumb\",\"itemListElement\":[{\"@type\":\"ListItem\",\"position\":1,\"name\":\"Startseite\",\"item\":\"https:\/\/www.kein-planet-b.de\/ratgeber\/\"},{\"@type\":\"ListItem\",\"position\":2,\"name\":\"Fair Fashion\"}]}]}<\/script>\n<!-- \/ Yoast SEO plugin. -->","yoast_head_json":{"title":"Fair Fashion-Ratgeber von kein Planet B f\u00fcr den fairen Kleiderschrank","description":"Hier im Fair Fashion-Ratgeber von kein Planet B findet Ihr spannende Infos rund um Slow Fashion, Second Hand und nachhaltige Mode.","robots":{"index":"index","follow":"follow","max-snippet":"max-snippet:-1","max-image-preview":"max-image-preview:large","max-video-preview":"max-video-preview:-1"},"canonical":"https:\/\/www.kein-planet-b.de\/ratgeber\/fair-fashion\/","og_locale":"de_DE","og_type":"article","og_title":"Fair Fashion-Ratgeber von kein Planet B f\u00fcr den fairen Kleiderschrank","og_description":"Hier im Fair Fashion-Ratgeber von kein Planet B findet Ihr spannende Infos rund um Slow Fashion, Second Hand und nachhaltige Mode.","og_url":"https:\/\/www.kein-planet-b.de\/ratgeber\/fair-fashion\/","og_site_name":"Kein Planet B Ratgeber","article_modified_time":"2024-05-29T06:47:54+00:00","twitter_card":"summary_large_image","twitter_misc":{"Gesch\u00e4tzte Lesezeit":"1\u00a0Minute"},"schema":{"@context":"https:\/\/schema.org","@graph":[{"@type":"WebSite","@id":"https:\/\/www.stallbedarf24.de\/ratgeber\/#website","url":"https:\/\/www.stallbedarf24.de\/ratgeber\/","name":"Kein Planet B Ratgeber","description":"","potentialAction":[{"@type":"SearchAction","target":{"@type":"EntryPoint","urlTemplate":"https:\/\/www.stallbedarf24.de\/ratgeber\/?s={search_term_string}"},"query-input":"required name=search_term_string"}],"inLanguage":"de"},{"@type":"WebPage","@id":"https:\/\/www.kein-planet-b.de\/ratgeber\/fair-fashion\/#webpage","url":"https:\/\/www.kein-planet-b.de\/ratgeber\/fair-fashion\/","name":"Fair Fashion-Ratgeber von kein Planet B f\u00fcr den fairen Kleiderschrank","isPartOf":{"@id":"https:\/\/www.stallbedarf24.de\/ratgeber\/#website"},"datePublished":"2020-06-26T09:10:30+00:00","dateModified":"2024-05-29T06:47:54+00:00","description":"Hier im Fair Fashion-Ratgeber von kein Planet B findet Ihr spannende Infos rund um Slow Fashion, Second Hand und nachhaltige Mode.","breadcrumb":{"@id":"https:\/\/www.kein-planet-b.de\/ratgeber\/fair-fashion\/#breadcrumb"},"inLanguage":"de","potentialAction":[{"@type":"ReadAction","target":["https:\/\/www.kein-planet-b.de\/ratgeber\/fair-fashion\/"]}]},{"@type":"BreadcrumbList","@id":"https:\/\/www.kein-planet-b.de\/ratgeber\/fair-fashion\/#breadcrumb","itemListElement":[{"@type":"ListItem","position":1,"name":"Startseite","item":"https:\/\/www.kein-planet-b.de\/ratgeber\/"},{"@type":"ListItem","position":2,"name":"Fair Fashion"}]}]}},"_links":{"self":[{"href":"https:\/\/www.kein-planet-b.de\/ratgeber\/wp-json\/wp\/v2\/pages\/167"}],"collection":[{"href":"https:\/\/www.kein-planet-b.de\/ratgeber\/wp-json\/wp\/v2\/pages"}],"about":[{"href":"https:\/\/www.kein-planet-b.de\/ratgeber\/wp-json\/wp\/v2\/types\/page"}],"author":[{"embeddable":true,"href":"https:\/\/www.kein-planet-b.de\/ratgeber\/wp-json\/wp\/v2\/users\/1"}],"replies":[{"embeddable":true,"href":"https:\/\/www.kein-planet-b.de\/ratgeber\/wp-json\/wp\/v2\/comments?post=167"}],"version-history":[{"count":20,"href":"https:\/\/www.kein-planet-b.de\/ratgeber\/wp-json\/wp\/v2\/pages\/167\/revisions"}],"predecessor-version":[{"id":170,"href":"https:\/\/www.kein-planet-b.de\/ratgeber\/wp-json\/wp\/v2\/pages\/167\/revisions\/170"}],"wp:attachment":[{"href":"https:\/\/www.kein-planet-b.de\/ratgeber\/wp-json\/wp\/v2\/media?parent=167"}],"curies":[{"name":"wp","href":"https:\/\/api.w.org\/{rel}","templated":true}]}}