{"id":171,"date":"2020-06-26T11:21:34","date_gmt":"2020-06-26T09:21:34","guid":{"rendered":"https:\/\/kein-planet-b.de\/ratgeber\/?page_id=171"},"modified":"2024-05-29T08:44:40","modified_gmt":"2024-05-29T06:44:40","slug":"haushalt","status":"publish","type":"page","link":"https:\/\/www.kein-planet-b.de\/ratgeber\/haushalt\/","title":{"rendered":"Haushalt"},"content":{"rendered":"<p>[vc_row][vc_column][vc_single_image image=&#8220;1444&#8243; img_size=&#8220;full&#8220; alignment=&#8220;center&#8220;][\/vc_column][\/vc_row][vc_row][vc_column][vc_column_text]<\/p>\n<h1 style=\"text-align: center;\">Haushalt-Ratgeber<\/h1>\n<p>[\/vc_column_text][\/vc_column][\/vc_row][vc_row][vc_column width=&#8220;1\/2&#8243;][vc_column_text]Hier im kein Planet B Ratgeber findest du viele spannende Artikel rund um das Thema Nachhaltigkeit im Haushalt. Wer sein Leben wirklich gr\u00fcner gestalten m\u00f6chte, kommt nicht darum herum, sein h\u00e4usliches Umfeld kritisch zu betrachten. Wo, wie und was kaufe ich ein? Wie trenne ich meinen M\u00fcll und womit reinige ich eigentlich meine Wohnung und meine W\u00e4sche?[\/vc_column_text][\/vc_column][vc_column width=&#8220;1\/2&#8243;][vc_column_text]In unseren Artikeln erf\u00e4hrst du zum Beispiel, wie du deine Wohnung mit nur wenigen Mitteln plastikfrei sauber h\u00e4lst und mit welchen 10 Schritten die Umstellung auf einen Zero Waste Haushalt ganz leicht funktioniert.[\/vc_column_text][\/vc_column][\/vc_row][vc_row][vc_column][vc_text_separator title=&#8220;Neuste Beitr\u00e4ge&#8220;][vc_masonry_grid post_type=&#8220;post&#8220; max_items=&#8220;10&#8243; grid_id=&#8220;vc_gid:1716964770525-512136fe-bc00-0&#8243; taxonomies=&#8220;30&#8243;][\/vc_column][\/vc_row]<\/p>\n","protected":false},"excerpt":{"rendered":"<p>[vc_row][vc_column][vc_single_image image=&#8220;1444&#8243; img_size=&#8220;full&#8220; alignment=&#8220;center&#8220;][\/vc_column][\/vc_row][vc_row][vc_column][vc_column_text] Haushalt-Ratgeber [\/vc_column_text][\/vc_column][\/vc_row][vc_row][vc_column width=&#8220;1\/2&#8243;][vc_column_text]Hier im kein Planet B Ratgeber findest du viele spannende Artikel rund um das Thema Nachhaltigkeit im Haushalt. Wer sein Leben wirklich gr\u00fcner gestalten m\u00f6chte, kommt nicht darum herum, sein h\u00e4usliches Umfeld kritisch zu betrachten. Wo, wie und was kaufe ich ein? Wie trenne ich meinen M\u00fcll und womit&hellip;<\/p>\n","protected":false},"author":1,"featured_media":0,"parent":0,"menu_order":0,"comment_status":"closed","ping_status":"closed","template":"","meta":[],"yoast_head":"<!-- This site is optimized with the Yoast SEO plugin v17.1 - https:\/\/yoast.com\/wordpress\/plugins\/seo\/ -->\n<title>Haushalt-Ratgeber von kein Planet B f\u00fcr gr\u00fcnes Wohnen<\/title>\n<meta name=\"description\" content=\"Spannende Themen rund um Plastiksparen und Zero Waste im Haushalt findet Ihr hier im kein Planet B Ratgeber.\" \/>\n<meta name=\"robots\" content=\"index, follow, max-snippet:-1, max-image-preview:large, max-video-preview:-1\" \/>\n<link rel=\"canonical\" href=\"https:\/\/www.kein-planet-b.de\/ratgeber\/haushalt\/\" \/>\n<meta property=\"og:locale\" content=\"de_DE\" \/>\n<meta property=\"og:type\" content=\"article\" \/>\n<meta property=\"og:title\" content=\"Haushalt-Ratgeber von kein Planet B f\u00fcr gr\u00fcnes Wohnen\" \/>\n<meta property=\"og:description\" content=\"Spannende Themen rund um Plastiksparen und Zero Waste im Haushalt findet Ihr hier im kein Planet B Ratgeber.\" \/>\n<meta property=\"og:url\" content=\"https:\/\/www.kein-planet-b.de\/ratgeber\/haushalt\/\" \/>\n<meta property=\"og:site_name\" content=\"Kein Planet B Ratgeber\" \/>\n<meta property=\"article:modified_time\" content=\"2024-05-29T06:44:40+00:00\" \/>\n<meta name=\"twitter:card\" content=\"summary_large_image\" \/>\n<meta name=\"twitter:label1\" content=\"Gesch\u00e4tzte Lesezeit\" \/>\n\t<meta name=\"twitter:data1\" content=\"1\u00a0Minute\" \/>\n<script type=\"application\/ld+json\" class=\"yoast-schema-graph\">{\"@context\":\"https:\/\/schema.org\",\"@graph\":[{\"@type\":\"WebSite\",\"@id\":\"https:\/\/www.stallbedarf24.de\/ratgeber\/#website\",\"url\":\"https:\/\/www.stallbedarf24.de\/ratgeber\/\",\"name\":\"Kein Planet B Ratgeber\",\"description\":\"\",\"potentialAction\":[{\"@type\":\"SearchAction\",\"target\":{\"@type\":\"EntryPoint\",\"urlTemplate\":\"https:\/\/www.stallbedarf24.de\/ratgeber\/?s={search_term_string}\"},\"query-input\":\"required name=search_term_string\"}],\"inLanguage\":\"de\"},{\"@type\":\"WebPage\",\"@id\":\"https:\/\/www.kein-planet-b.de\/ratgeber\/haushalt\/#webpage\",\"url\":\"https:\/\/www.kein-planet-b.de\/ratgeber\/haushalt\/\",\"name\":\"Haushalt-Ratgeber von kein Planet B f\\u00fcr gr\\u00fcnes Wohnen\",\"isPartOf\":{\"@id\":\"https:\/\/www.stallbedarf24.de\/ratgeber\/#website\"},\"datePublished\":\"2020-06-26T09:21:34+00:00\",\"dateModified\":\"2024-05-29T06:44:40+00:00\",\"description\":\"Spannende Themen rund um Plastiksparen und Zero Waste im Haushalt findet Ihr hier im kein Planet B Ratgeber.\",\"breadcrumb\":{\"@id\":\"https:\/\/www.kein-planet-b.de\/ratgeber\/haushalt\/#breadcrumb\"},\"inLanguage\":\"de\",\"potentialAction\":[{\"@type\":\"ReadAction\",\"target\":[\"https:\/\/www.kein-planet-b.de\/ratgeber\/haushalt\/\"]}]},{\"@type\":\"BreadcrumbList\",\"@id\":\"https:\/\/www.kein-planet-b.de\/ratgeber\/haushalt\/#breadcrumb\",\"itemListElement\":[{\"@type\":\"ListItem\",\"position\":1,\"name\":\"Startseite\",\"item\":\"https:\/\/www.kein-planet-b.de\/ratgeber\/\"},{\"@type\":\"ListItem\",\"position\":2,\"name\":\"Haushalt\"}]}]}<\/script>\n<!-- \/ Yoast SEO plugin. -->","yoast_head_json":{"title":"Haushalt-Ratgeber von kein Planet B f\u00fcr gr\u00fcnes Wohnen","description":"Spannende Themen rund um Plastiksparen und Zero Waste im Haushalt findet Ihr hier im kein Planet B Ratgeber.","robots":{"index":"index","follow":"follow","max-snippet":"max-snippet:-1","max-image-preview":"max-image-preview:large","max-video-preview":"max-video-preview:-1"},"canonical":"https:\/\/www.kein-planet-b.de\/ratgeber\/haushalt\/","og_locale":"de_DE","og_type":"article","og_title":"Haushalt-Ratgeber von kein Planet B f\u00fcr gr\u00fcnes Wohnen","og_description":"Spannende Themen rund um Plastiksparen und Zero Waste im Haushalt findet Ihr hier im kein Planet B Ratgeber.","og_url":"https:\/\/www.kein-planet-b.de\/ratgeber\/haushalt\/","og_site_name":"Kein Planet B Ratgeber","article_modified_time":"2024-05-29T06:44:40+00:00","twitter_card":"summary_large_image","twitter_misc":{"Gesch\u00e4tzte Lesezeit":"1\u00a0Minute"},"schema":{"@context":"https:\/\/schema.org","@graph":[{"@type":"WebSite","@id":"https:\/\/www.stallbedarf24.de\/ratgeber\/#website","url":"https:\/\/www.stallbedarf24.de\/ratgeber\/","name":"Kein Planet B Ratgeber","description":"","potentialAction":[{"@type":"SearchAction","target":{"@type":"EntryPoint","urlTemplate":"https:\/\/www.stallbedarf24.de\/ratgeber\/?s={search_term_string}"},"query-input":"required name=search_term_string"}],"inLanguage":"de"},{"@type":"WebPage","@id":"https:\/\/www.kein-planet-b.de\/ratgeber\/haushalt\/#webpage","url":"https:\/\/www.kein-planet-b.de\/ratgeber\/haushalt\/","name":"Haushalt-Ratgeber von kein Planet B f\u00fcr gr\u00fcnes Wohnen","isPartOf":{"@id":"https:\/\/www.stallbedarf24.de\/ratgeber\/#website"},"datePublished":"2020-06-26T09:21:34+00:00","dateModified":"2024-05-29T06:44:40+00:00","description":"Spannende Themen rund um Plastiksparen und Zero Waste im Haushalt findet Ihr hier im kein Planet B Ratgeber.","breadcrumb":{"@id":"https:\/\/www.kein-planet-b.de\/ratgeber\/haushalt\/#breadcrumb"},"inLanguage":"de","potentialAction":[{"@type":"ReadAction","target":["https:\/\/www.kein-planet-b.de\/ratgeber\/haushalt\/"]}]},{"@type":"BreadcrumbList","@id":"https:\/\/www.kein-planet-b.de\/ratgeber\/haushalt\/#breadcrumb","itemListElement":[{"@type":"ListItem","position":1,"name":"Startseite","item":"https:\/\/www.kein-planet-b.de\/ratgeber\/"},{"@type":"ListItem","position":2,"name":"Haushalt"}]}]}},"_links":{"self":[{"href":"https:\/\/www.kein-planet-b.de\/ratgeber\/wp-json\/wp\/v2\/pages\/171"}],"collection":[{"href":"https:\/\/www.kein-planet-b.de\/ratgeber\/wp-json\/wp\/v2\/pages"}],"about":[{"href":"https:\/\/www.kein-planet-b.de\/ratgeber\/wp-json\/wp\/v2\/types\/page"}],"author":[{"embeddable":true,"href":"https:\/\/www.kein-planet-b.de\/ratgeber\/wp-json\/wp\/v2\/users\/1"}],"replies":[{"embeddable":true,"href":"https:\/\/www.kein-planet-b.de\/ratgeber\/wp-json\/wp\/v2\/comments?post=171"}],"version-history":[{"count":17,"href":"https:\/\/www.kein-planet-b.de\/ratgeber\/wp-json\/wp\/v2\/pages\/171\/revisions"}],"predecessor-version":[{"id":2098,"href":"https:\/\/www.kein-planet-b.de\/ratgeber\/wp-json\/wp\/v2\/pages\/171\/revisions\/2098"}],"wp:attachment":[{"href":"https:\/\/www.kein-planet-b.de\/ratgeber\/wp-json\/wp\/v2\/media?parent=171"}],"curies":[{"name":"wp","href":"https:\/\/api.w.org\/{rel}","templated":true}]}}