{"id":173,"date":"2020-06-26T11:25:43","date_gmt":"2020-06-26T09:25:43","guid":{"rendered":"https:\/\/kein-planet-b.de\/ratgeber\/?page_id=173"},"modified":"2024-05-29T08:48:34","modified_gmt":"2024-05-29T06:48:34","slug":"essen-trinken","status":"publish","type":"page","link":"https:\/\/www.kein-planet-b.de\/ratgeber\/essen-trinken\/","title":{"rendered":"Essen &#038; Trinken"},"content":{"rendered":"<p>[vc_row][vc_column][vc_single_image image=&#8220;1454&#8243; img_size=&#8220;full&#8220; alignment=&#8220;center&#8220;][\/vc_column][\/vc_row][vc_row][vc_column][vc_column_text]<\/p>\n<h1 style=\"text-align: center;\">Essen &amp; Trinken-Ratgeber<\/h1>\n<p>[\/vc_column_text][\/vc_column][\/vc_row][vc_row][vc_column width=&#8220;1\/2&#8243;][vc_column_text]Hier im kein Planet B Ratgeber findest du spannende Themen rund um Essen &amp; Trinken. Vom richtigen Planen \u00fcber den Einkauf und die korrekte Aufbewahrung von Lebensmitteln bis hin zu Rezepten \u2013 wir geben dir Anregungen und Tipps, wie du auch in der K\u00fcche umweltbewusst sein kannst.[\/vc_column_text][\/vc_column][vc_column width=&#8220;1\/2&#8243;][vc_column_text]Zum Beispiel kannst du bei uns erfahren, welche Lebensmittel sich besonders gut f\u00fcr DIYs eignen und welche regionalen und saisonalen Produkte nicht in deiner Ern\u00e4hrung fehlen d\u00fcrfen.[\/vc_column_text][\/vc_column][\/vc_row][vc_row][vc_column][vc_text_separator title=&#8220;Neuste Beitr\u00e4ge&#8220;][vc_masonry_grid post_type=&#8220;post&#8220; max_items=&#8220;10&#8243; grid_id=&#8220;vc_gid:1716965300962-b7dcfb19-c08c-1&#8243; taxonomies=&#8220;19&#8243;][\/vc_column][\/vc_row]<\/p>\n","protected":false},"excerpt":{"rendered":"<p>[vc_row][vc_column][vc_single_image image=&#8220;1454&#8243; img_size=&#8220;full&#8220; alignment=&#8220;center&#8220;][\/vc_column][\/vc_row][vc_row][vc_column][vc_column_text] Essen &amp; Trinken-Ratgeber [\/vc_column_text][\/vc_column][\/vc_row][vc_row][vc_column width=&#8220;1\/2&#8243;][vc_column_text]Hier im kein Planet B Ratgeber findest du spannende Themen rund um Essen &amp; Trinken. Vom richtigen Planen \u00fcber den Einkauf und die korrekte Aufbewahrung von Lebensmitteln bis hin zu Rezepten \u2013 wir geben dir Anregungen und Tipps, wie du auch in der K\u00fcche umweltbewusst sein kannst.[\/vc_column_text][\/vc_column][vc_column&hellip;<\/p>\n","protected":false},"author":1,"featured_media":0,"parent":0,"menu_order":7,"comment_status":"closed","ping_status":"closed","template":"","meta":[],"yoast_head":"<!-- This site is optimized with the Yoast SEO plugin v17.1 - https:\/\/yoast.com\/wordpress\/plugins\/seo\/ -->\n<title>Essen &amp; Trinken-Ratgeber von kein Planet B f\u00fcr die gr\u00fcne K\u00fcche<\/title>\n<meta name=\"description\" content=\"Hier im Essen &amp; Trinken-Ratgeber von kein Planet B findet Ihr Informationen rund um saisonale, regionale &amp; vegane Lebensmittel.\" \/>\n<meta name=\"robots\" content=\"index, follow, max-snippet:-1, max-image-preview:large, max-video-preview:-1\" \/>\n<link rel=\"canonical\" href=\"https:\/\/www.kein-planet-b.de\/ratgeber\/essen-trinken\/\" \/>\n<meta property=\"og:locale\" content=\"de_DE\" \/>\n<meta property=\"og:type\" content=\"article\" \/>\n<meta property=\"og:title\" content=\"Essen &amp; Trinken-Ratgeber von kein Planet B f\u00fcr die gr\u00fcne K\u00fcche\" \/>\n<meta property=\"og:description\" content=\"Hier im Essen &amp; Trinken-Ratgeber von kein Planet B findet Ihr Informationen rund um saisonale, regionale &amp; vegane Lebensmittel.\" \/>\n<meta property=\"og:url\" content=\"https:\/\/www.kein-planet-b.de\/ratgeber\/essen-trinken\/\" \/>\n<meta property=\"og:site_name\" content=\"Kein Planet B Ratgeber\" \/>\n<meta property=\"article:modified_time\" content=\"2024-05-29T06:48:34+00:00\" \/>\n<meta name=\"twitter:card\" content=\"summary_large_image\" \/>\n<meta name=\"twitter:label1\" content=\"Gesch\u00e4tzte Lesezeit\" \/>\n\t<meta name=\"twitter:data1\" content=\"1\u00a0Minute\" \/>\n<script type=\"application\/ld+json\" class=\"yoast-schema-graph\">{\"@context\":\"https:\/\/schema.org\",\"@graph\":[{\"@type\":\"WebSite\",\"@id\":\"https:\/\/www.stallbedarf24.de\/ratgeber\/#website\",\"url\":\"https:\/\/www.stallbedarf24.de\/ratgeber\/\",\"name\":\"Kein Planet B Ratgeber\",\"description\":\"\",\"potentialAction\":[{\"@type\":\"SearchAction\",\"target\":{\"@type\":\"EntryPoint\",\"urlTemplate\":\"https:\/\/www.stallbedarf24.de\/ratgeber\/?s={search_term_string}\"},\"query-input\":\"required name=search_term_string\"}],\"inLanguage\":\"de\"},{\"@type\":\"WebPage\",\"@id\":\"https:\/\/www.kein-planet-b.de\/ratgeber\/essen-trinken\/#webpage\",\"url\":\"https:\/\/www.kein-planet-b.de\/ratgeber\/essen-trinken\/\",\"name\":\"Essen & Trinken-Ratgeber von kein Planet B f\\u00fcr die gr\\u00fcne K\\u00fcche\",\"isPartOf\":{\"@id\":\"https:\/\/www.stallbedarf24.de\/ratgeber\/#website\"},\"datePublished\":\"2020-06-26T09:25:43+00:00\",\"dateModified\":\"2024-05-29T06:48:34+00:00\",\"description\":\"Hier im Essen & Trinken-Ratgeber von kein Planet B findet Ihr Informationen rund um saisonale, regionale & vegane Lebensmittel.\",\"breadcrumb\":{\"@id\":\"https:\/\/www.kein-planet-b.de\/ratgeber\/essen-trinken\/#breadcrumb\"},\"inLanguage\":\"de\",\"potentialAction\":[{\"@type\":\"ReadAction\",\"target\":[\"https:\/\/www.kein-planet-b.de\/ratgeber\/essen-trinken\/\"]}]},{\"@type\":\"BreadcrumbList\",\"@id\":\"https:\/\/www.kein-planet-b.de\/ratgeber\/essen-trinken\/#breadcrumb\",\"itemListElement\":[{\"@type\":\"ListItem\",\"position\":1,\"name\":\"Startseite\",\"item\":\"https:\/\/www.kein-planet-b.de\/ratgeber\/\"},{\"@type\":\"ListItem\",\"position\":2,\"name\":\"Essen &#038; Trinken\"}]}]}<\/script>\n<!-- \/ Yoast SEO plugin. -->","yoast_head_json":{"title":"Essen & Trinken-Ratgeber von kein Planet B f\u00fcr die gr\u00fcne K\u00fcche","description":"Hier im Essen & Trinken-Ratgeber von kein Planet B findet Ihr Informationen rund um saisonale, regionale & vegane Lebensmittel.","robots":{"index":"index","follow":"follow","max-snippet":"max-snippet:-1","max-image-preview":"max-image-preview:large","max-video-preview":"max-video-preview:-1"},"canonical":"https:\/\/www.kein-planet-b.de\/ratgeber\/essen-trinken\/","og_locale":"de_DE","og_type":"article","og_title":"Essen & Trinken-Ratgeber von kein Planet B f\u00fcr die gr\u00fcne K\u00fcche","og_description":"Hier im Essen & Trinken-Ratgeber von kein Planet B findet Ihr Informationen rund um saisonale, regionale & vegane Lebensmittel.","og_url":"https:\/\/www.kein-planet-b.de\/ratgeber\/essen-trinken\/","og_site_name":"Kein Planet B Ratgeber","article_modified_time":"2024-05-29T06:48:34+00:00","twitter_card":"summary_large_image","twitter_misc":{"Gesch\u00e4tzte Lesezeit":"1\u00a0Minute"},"schema":{"@context":"https:\/\/schema.org","@graph":[{"@type":"WebSite","@id":"https:\/\/www.stallbedarf24.de\/ratgeber\/#website","url":"https:\/\/www.stallbedarf24.de\/ratgeber\/","name":"Kein Planet B Ratgeber","description":"","potentialAction":[{"@type":"SearchAction","target":{"@type":"EntryPoint","urlTemplate":"https:\/\/www.stallbedarf24.de\/ratgeber\/?s={search_term_string}"},"query-input":"required name=search_term_string"}],"inLanguage":"de"},{"@type":"WebPage","@id":"https:\/\/www.kein-planet-b.de\/ratgeber\/essen-trinken\/#webpage","url":"https:\/\/www.kein-planet-b.de\/ratgeber\/essen-trinken\/","name":"Essen & Trinken-Ratgeber von kein Planet B f\u00fcr die gr\u00fcne K\u00fcche","isPartOf":{"@id":"https:\/\/www.stallbedarf24.de\/ratgeber\/#website"},"datePublished":"2020-06-26T09:25:43+00:00","dateModified":"2024-05-29T06:48:34+00:00","description":"Hier im Essen & Trinken-Ratgeber von kein Planet B findet Ihr Informationen rund um saisonale, regionale & vegane Lebensmittel.","breadcrumb":{"@id":"https:\/\/www.kein-planet-b.de\/ratgeber\/essen-trinken\/#breadcrumb"},"inLanguage":"de","potentialAction":[{"@type":"ReadAction","target":["https:\/\/www.kein-planet-b.de\/ratgeber\/essen-trinken\/"]}]},{"@type":"BreadcrumbList","@id":"https:\/\/www.kein-planet-b.de\/ratgeber\/essen-trinken\/#breadcrumb","itemListElement":[{"@type":"ListItem","position":1,"name":"Startseite","item":"https:\/\/www.kein-planet-b.de\/ratgeber\/"},{"@type":"ListItem","position":2,"name":"Essen &#038; Trinken"}]}]}},"_links":{"self":[{"href":"https:\/\/www.kein-planet-b.de\/ratgeber\/wp-json\/wp\/v2\/pages\/173"}],"collection":[{"href":"https:\/\/www.kein-planet-b.de\/ratgeber\/wp-json\/wp\/v2\/pages"}],"about":[{"href":"https:\/\/www.kein-planet-b.de\/ratgeber\/wp-json\/wp\/v2\/types\/page"}],"author":[{"embeddable":true,"href":"https:\/\/www.kein-planet-b.de\/ratgeber\/wp-json\/wp\/v2\/users\/1"}],"replies":[{"embeddable":true,"href":"https:\/\/www.kein-planet-b.de\/ratgeber\/wp-json\/wp\/v2\/comments?post=173"}],"version-history":[{"count":23,"href":"https:\/\/www.kein-planet-b.de\/ratgeber\/wp-json\/wp\/v2\/pages\/173\/revisions"}],"predecessor-version":[{"id":506,"href":"https:\/\/www.kein-planet-b.de\/ratgeber\/wp-json\/wp\/v2\/pages\/173\/revisions\/506"}],"wp:attachment":[{"href":"https:\/\/www.kein-planet-b.de\/ratgeber\/wp-json\/wp\/v2\/media?parent=173"}],"curies":[{"name":"wp","href":"https:\/\/api.w.org\/{rel}","templated":true}]}}