{"id":192,"date":"2020-06-26T11:50:06","date_gmt":"2020-06-26T09:50:06","guid":{"rendered":"https:\/\/kein-planet-b.de\/ratgeber\/?page_id=192"},"modified":"2024-05-29T08:45:38","modified_gmt":"2024-05-29T06:45:38","slug":"koerperpflege","status":"publish","type":"page","link":"https:\/\/www.kein-planet-b.de\/ratgeber\/koerperpflege\/","title":{"rendered":"K\u00f6rperpflege"},"content":{"rendered":"<p>[vc_row][vc_column][vc_single_image image=&#8220;1442&#8243; img_size=&#8220;full&#8220; alignment=&#8220;center&#8220;][\/vc_column][\/vc_row][vc_row][vc_column][vc_column_text]<\/p>\n<h1 style=\"text-align: center;\"><b>K\u00f6rperpflege Ratgeber<\/b><\/h1>\n<p>[\/vc_column_text][\/vc_column][\/vc_row][vc_row][vc_column width=&#8220;1\/2&#8243;][vc_column_text]<span style=\"font-weight: 400;\">Im kein Planet B Ratgeber erf\u00e4hrst du in vielen spannenden Artikeln, wie du ganz einfach im Badezimmer bei der K\u00f6rperhygiene Plastik sparst, auf welche Inhaltsstoffe du in Kosmetik lieber verzichten solltest und welche tollen Naturkosmetik-Produkte es gibt. <\/span>[\/vc_column_text][\/vc_column][vc_column width=&#8220;1\/2&#8243;][vc_column_text]<span style=\"font-weight: 400;\">Von der festen Haarpflege \u00fcber die plastikfreie Mundhygiene bis hin zu festem Deo \u2013 mittlerweile gibt es eine Vielzahl an Herstellern, denen die Gesundheit ihrer Kunden und die der Umwelt am Herzen liegen. Sie verzichten deswegen auf sch\u00e4dliche Wirkstoffe und setzten stattdessen auf nat\u00fcrliche Produkte.<\/span>[\/vc_column_text][\/vc_column][\/vc_row][vc_row][vc_column][vc_text_separator title=&#8220;Neuste Beitr\u00e4ge&#8220;][vc_masonry_grid post_type=&#8220;post&#8220; max_items=&#8220;10&#8243; grid_id=&#8220;vc_gid:1716965114152-41b80bb3-f503-9&#8243; taxonomies=&#8220;29&#8243;][\/vc_column][\/vc_row]<\/p>\n","protected":false},"excerpt":{"rendered":"<p>[vc_row][vc_column][vc_single_image image=&#8220;1442&#8243; img_size=&#8220;full&#8220; alignment=&#8220;center&#8220;][\/vc_column][\/vc_row][vc_row][vc_column][vc_column_text] K\u00f6rperpflege Ratgeber [\/vc_column_text][\/vc_column][\/vc_row][vc_row][vc_column width=&#8220;1\/2&#8243;][vc_column_text]Im kein Planet B Ratgeber erf\u00e4hrst du in vielen spannenden Artikeln, wie du ganz einfach im Badezimmer bei der K\u00f6rperhygiene Plastik sparst, auf welche Inhaltsstoffe du in Kosmetik lieber verzichten solltest und welche tollen Naturkosmetik-Produkte es gibt. [\/vc_column_text][\/vc_column][vc_column width=&#8220;1\/2&#8243;][vc_column_text]Von der festen Haarpflege \u00fcber die plastikfreie Mundhygiene bis hin&hellip;<\/p>\n","protected":false},"author":1,"featured_media":0,"parent":0,"menu_order":0,"comment_status":"closed","ping_status":"closed","template":"","meta":[],"yoast_head":"<!-- This site is optimized with the Yoast SEO plugin v17.1 - https:\/\/yoast.com\/wordpress\/plugins\/seo\/ -->\n<title>K\u00f6rperpflege-Ratgeber von kein Planet B f\u00fcr das nachhaltige Badezimmer<\/title>\n<meta name=\"description\" content=\"Spannende Informationen rund um nachhaltige K\u00f6rperpflege und Naturkosmetik findet ihr hier im kein Planet B Ratgeber.\" \/>\n<meta name=\"robots\" content=\"index, follow, max-snippet:-1, max-image-preview:large, max-video-preview:-1\" \/>\n<link rel=\"canonical\" href=\"https:\/\/www.kein-planet-b.de\/ratgeber\/koerperpflege\/\" \/>\n<meta property=\"og:locale\" content=\"de_DE\" \/>\n<meta property=\"og:type\" content=\"article\" \/>\n<meta property=\"og:title\" content=\"K\u00f6rperpflege-Ratgeber von kein Planet B f\u00fcr das nachhaltige Badezimmer\" \/>\n<meta property=\"og:description\" content=\"Spannende Informationen rund um nachhaltige K\u00f6rperpflege und Naturkosmetik findet ihr hier im kein Planet B Ratgeber.\" \/>\n<meta property=\"og:url\" content=\"https:\/\/www.kein-planet-b.de\/ratgeber\/koerperpflege\/\" \/>\n<meta property=\"og:site_name\" content=\"Kein Planet B Ratgeber\" \/>\n<meta property=\"article:modified_time\" content=\"2024-05-29T06:45:38+00:00\" \/>\n<meta name=\"twitter:card\" content=\"summary_large_image\" \/>\n<meta name=\"twitter:label1\" content=\"Gesch\u00e4tzte Lesezeit\" \/>\n\t<meta name=\"twitter:data1\" content=\"1\u00a0Minute\" \/>\n<script type=\"application\/ld+json\" class=\"yoast-schema-graph\">{\"@context\":\"https:\/\/schema.org\",\"@graph\":[{\"@type\":\"WebSite\",\"@id\":\"https:\/\/www.stallbedarf24.de\/ratgeber\/#website\",\"url\":\"https:\/\/www.stallbedarf24.de\/ratgeber\/\",\"name\":\"Kein Planet B Ratgeber\",\"description\":\"\",\"potentialAction\":[{\"@type\":\"SearchAction\",\"target\":{\"@type\":\"EntryPoint\",\"urlTemplate\":\"https:\/\/www.stallbedarf24.de\/ratgeber\/?s={search_term_string}\"},\"query-input\":\"required name=search_term_string\"}],\"inLanguage\":\"de\"},{\"@type\":\"WebPage\",\"@id\":\"https:\/\/www.kein-planet-b.de\/ratgeber\/koerperpflege\/#webpage\",\"url\":\"https:\/\/www.kein-planet-b.de\/ratgeber\/koerperpflege\/\",\"name\":\"K\\u00f6rperpflege-Ratgeber von kein Planet B f\\u00fcr das nachhaltige Badezimmer\",\"isPartOf\":{\"@id\":\"https:\/\/www.stallbedarf24.de\/ratgeber\/#website\"},\"datePublished\":\"2020-06-26T09:50:06+00:00\",\"dateModified\":\"2024-05-29T06:45:38+00:00\",\"description\":\"Spannende Informationen rund um nachhaltige K\\u00f6rperpflege und Naturkosmetik findet ihr hier im kein Planet B Ratgeber.\",\"breadcrumb\":{\"@id\":\"https:\/\/www.kein-planet-b.de\/ratgeber\/koerperpflege\/#breadcrumb\"},\"inLanguage\":\"de\",\"potentialAction\":[{\"@type\":\"ReadAction\",\"target\":[\"https:\/\/www.kein-planet-b.de\/ratgeber\/koerperpflege\/\"]}]},{\"@type\":\"BreadcrumbList\",\"@id\":\"https:\/\/www.kein-planet-b.de\/ratgeber\/koerperpflege\/#breadcrumb\",\"itemListElement\":[{\"@type\":\"ListItem\",\"position\":1,\"name\":\"Startseite\",\"item\":\"https:\/\/www.kein-planet-b.de\/ratgeber\/\"},{\"@type\":\"ListItem\",\"position\":2,\"name\":\"K\\u00f6rperpflege\"}]}]}<\/script>\n<!-- \/ Yoast SEO plugin. -->","yoast_head_json":{"title":"K\u00f6rperpflege-Ratgeber von kein Planet B f\u00fcr das nachhaltige Badezimmer","description":"Spannende Informationen rund um nachhaltige K\u00f6rperpflege und Naturkosmetik findet ihr hier im kein Planet B Ratgeber.","robots":{"index":"index","follow":"follow","max-snippet":"max-snippet:-1","max-image-preview":"max-image-preview:large","max-video-preview":"max-video-preview:-1"},"canonical":"https:\/\/www.kein-planet-b.de\/ratgeber\/koerperpflege\/","og_locale":"de_DE","og_type":"article","og_title":"K\u00f6rperpflege-Ratgeber von kein Planet B f\u00fcr das nachhaltige Badezimmer","og_description":"Spannende Informationen rund um nachhaltige K\u00f6rperpflege und Naturkosmetik findet ihr hier im kein Planet B Ratgeber.","og_url":"https:\/\/www.kein-planet-b.de\/ratgeber\/koerperpflege\/","og_site_name":"Kein Planet B Ratgeber","article_modified_time":"2024-05-29T06:45:38+00:00","twitter_card":"summary_large_image","twitter_misc":{"Gesch\u00e4tzte Lesezeit":"1\u00a0Minute"},"schema":{"@context":"https:\/\/schema.org","@graph":[{"@type":"WebSite","@id":"https:\/\/www.stallbedarf24.de\/ratgeber\/#website","url":"https:\/\/www.stallbedarf24.de\/ratgeber\/","name":"Kein Planet B Ratgeber","description":"","potentialAction":[{"@type":"SearchAction","target":{"@type":"EntryPoint","urlTemplate":"https:\/\/www.stallbedarf24.de\/ratgeber\/?s={search_term_string}"},"query-input":"required name=search_term_string"}],"inLanguage":"de"},{"@type":"WebPage","@id":"https:\/\/www.kein-planet-b.de\/ratgeber\/koerperpflege\/#webpage","url":"https:\/\/www.kein-planet-b.de\/ratgeber\/koerperpflege\/","name":"K\u00f6rperpflege-Ratgeber von kein Planet B f\u00fcr das nachhaltige Badezimmer","isPartOf":{"@id":"https:\/\/www.stallbedarf24.de\/ratgeber\/#website"},"datePublished":"2020-06-26T09:50:06+00:00","dateModified":"2024-05-29T06:45:38+00:00","description":"Spannende Informationen rund um nachhaltige K\u00f6rperpflege und Naturkosmetik findet ihr hier im kein Planet B Ratgeber.","breadcrumb":{"@id":"https:\/\/www.kein-planet-b.de\/ratgeber\/koerperpflege\/#breadcrumb"},"inLanguage":"de","potentialAction":[{"@type":"ReadAction","target":["https:\/\/www.kein-planet-b.de\/ratgeber\/koerperpflege\/"]}]},{"@type":"BreadcrumbList","@id":"https:\/\/www.kein-planet-b.de\/ratgeber\/koerperpflege\/#breadcrumb","itemListElement":[{"@type":"ListItem","position":1,"name":"Startseite","item":"https:\/\/www.kein-planet-b.de\/ratgeber\/"},{"@type":"ListItem","position":2,"name":"K\u00f6rperpflege"}]}]}},"_links":{"self":[{"href":"https:\/\/www.kein-planet-b.de\/ratgeber\/wp-json\/wp\/v2\/pages\/192"}],"collection":[{"href":"https:\/\/www.kein-planet-b.de\/ratgeber\/wp-json\/wp\/v2\/pages"}],"about":[{"href":"https:\/\/www.kein-planet-b.de\/ratgeber\/wp-json\/wp\/v2\/types\/page"}],"author":[{"embeddable":true,"href":"https:\/\/www.kein-planet-b.de\/ratgeber\/wp-json\/wp\/v2\/users\/1"}],"replies":[{"embeddable":true,"href":"https:\/\/www.kein-planet-b.de\/ratgeber\/wp-json\/wp\/v2\/comments?post=192"}],"version-history":[{"count":19,"href":"https:\/\/www.kein-planet-b.de\/ratgeber\/wp-json\/wp\/v2\/pages\/192\/revisions"}],"predecessor-version":[{"id":202,"href":"https:\/\/www.kein-planet-b.de\/ratgeber\/wp-json\/wp\/v2\/pages\/192\/revisions\/202"}],"wp:attachment":[{"href":"https:\/\/www.kein-planet-b.de\/ratgeber\/wp-json\/wp\/v2\/media?parent=192"}],"curies":[{"name":"wp","href":"https:\/\/api.w.org\/{rel}","templated":true}]}}