{"id":90,"date":"2020-06-24T13:46:21","date_gmt":"2020-06-24T11:46:21","guid":{"rendered":"https:\/\/kein-planet-b.de\/ratgeber\/?page_id=90"},"modified":"2024-05-29T10:44:17","modified_gmt":"2024-05-29T08:44:17","slug":"startseite1","status":"publish","type":"page","link":"https:\/\/www.kein-planet-b.de\/ratgeber\/","title":{"rendered":"Startseite"},"content":{"rendered":"<p>[vc_row][vc_column][vc_single_image image=&#8220;1457&#8243; img_size=&#8220;full&#8220; alignment=&#8220;center&#8220;][vc_column_text css=&#8220;.vc_custom_1610880527680{padding-top: 20px !important;}&#8220;]<\/p>\n<h1 style=\"text-align: center;\">kein Planet B Ratgeber<\/h1>\n<p>[\/vc_column_text][\/vc_column][\/vc_row][vc_row][vc_column width=&#8220;1\/2&#8243;][vc_column_text]Im kein Planet B Ratgeber findest du spannende Zero Waste Artikel mit Tipps &amp; Infos rund um die Themen Nachhaltigkeit &amp; Green Living.[\/vc_column_text][\/vc_column][vc_column width=&#8220;1\/2&#8243;][vc_column_text]Schau dich in Ruhe um, st\u00f6ber in unserer Themenvielfalt und lerne neue Dinge \u00fcber alles, was mit Nachhaltigkeit zutun hat. Wir w\u00fcnschen dir viel Spa\u00df beim Lesen![\/vc_column_text][\/vc_column][\/vc_row][vc_row][vc_column][vc_text_separator title=&#8220;Unsere Ratgeber Kategorien&#8220; el_class=&#8220;resSmallNone&#8220;][\/vc_column][\/vc_row][vc_row][vc_column width=&#8220;1\/4&#8243; offset=&#8220;vc_col-md-1\/5 vc_col-xs-6&#8243;]<div class=\" ubtn-ctn-center \"><a class=\"ubtn-link ult-adjust-bottom-margin ubtn-center ubtn-custom \" href=\"https:\/\/www.kein-planet-b.de\/ratgeber\/koerperpflege\/\" title=\"K\u00f6rperpflege\" ><button type=\"button\" id=\"ubtn-6828\"  class=\"ubtn ult-adjust-bottom-margin ult-responsive ubtn-custom ubtn-no-hover-bg  none  ubtn-center   tooltip-69d49578f218e\"  data-hover=\"#ffffff\" data-border-color=\"\" data-bg=\"#d7e7ef\" data-hover-bg=\"#bed686\" data-border-hover=\"\" data-shadow-hover=\"\" data-shadow-click=\"none\" data-shadow=\"\" data-shd-shadow=\"\"  data-ultimate-target='#ubtn-6828'  data-responsive-json-new='{\"font-size\":\"desktop:17px;\",\"line-height\":\"\"}'  style=\"font-weight:normal;width:200px;min-height:50px;padding:px px;border:none;background: #d7e7ef;color: #000000;\"><span class=\"ubtn-hover\" style=\"background-color:#bed686\"><\/span><span class=\"ubtn-data ubtn-text \" >K\u00f6rperpflege<\/span><\/button><\/a><\/div>[\/vc_column][vc_column width=&#8220;1\/4&#8243; offset=&#8220;vc_col-md-1\/5 vc_col-xs-6&#8243;]<div class=\" ubtn-ctn-center \"><a class=\"ubtn-link ult-adjust-bottom-margin ubtn-center ubtn-custom \" href=\"https:\/\/www.kein-planet-b.de\/ratgeber\/haushalt\/\" title=\"Haushalt\" ><button type=\"button\" id=\"ubtn-6782\"  class=\"ubtn ult-adjust-bottom-margin ult-responsive ubtn-custom ubtn-no-hover-bg  none  ubtn-center   tooltip-69d49578f21cb\"  data-hover=\"#ffffff\" data-border-color=\"\" data-bg=\"#d7e7ef\" data-hover-bg=\"#bed686\" data-border-hover=\"\" data-shadow-hover=\"\" data-shadow-click=\"none\" data-shadow=\"\" data-shd-shadow=\"\"  data-ultimate-target='#ubtn-6782'  data-responsive-json-new='{\"font-size\":\"desktop:17px;\",\"line-height\":\"\"}'  style=\"font-weight:normal;width:200px;min-height:50px;padding:px px;border:none;background: #d7e7ef;color: #000000;\"><span class=\"ubtn-hover\" style=\"background-color:#bed686\"><\/span><span class=\"ubtn-data ubtn-text \" >Haushalt<\/span><\/button><\/a><\/div>[\/vc_column][vc_column width=&#8220;1\/4&#8243; offset=&#8220;vc_col-md-1\/5 vc_col-xs-6&#8243;]<div class=\" ubtn-ctn-center \"><a class=\"ubtn-link ult-adjust-bottom-margin ubtn-center ubtn-custom \" href=\"https:\/\/www.kein-planet-b.de\/ratgeber\/lifestyle\/\" title=\"Lifestyle\" ><button type=\"button\" id=\"ubtn-9109\"  class=\"ubtn ult-adjust-bottom-margin ult-responsive ubtn-custom ubtn-no-hover-bg  none  ubtn-center   tooltip-69d49578f21e5\"  data-hover=\"#ffffff\" data-border-color=\"\" data-bg=\"#d7e7ef\" data-hover-bg=\"#bed686\" data-border-hover=\"\" data-shadow-hover=\"\" data-shadow-click=\"none\" data-shadow=\"\" data-shd-shadow=\"\"  data-ultimate-target='#ubtn-9109'  data-responsive-json-new='{\"font-size\":\"desktop:17px;\",\"line-height\":\"\"}'  style=\"font-weight:normal;width:200px;min-height:50px;padding:px px;border:none;background: #d7e7ef;color: #000000;\"><span class=\"ubtn-hover\" style=\"background-color:#bed686\"><\/span><span class=\"ubtn-data ubtn-text \" >Lifestyle<\/span><\/button><\/a><\/div>[\/vc_column][vc_column width=&#8220;1\/4&#8243; offset=&#8220;vc_col-md-1\/5 vc_col-xs-6&#8243;]<div class=\" ubtn-ctn-center \"><a class=\"ubtn-link ult-adjust-bottom-margin ubtn-center ubtn-custom \" href=\"https:\/\/www.kein-planet-b.de\/ratgeber\/fair-fashion\/\" title=\"Fair Fashion\" ><button type=\"button\" id=\"ubtn-9654\"  class=\"ubtn ult-adjust-bottom-margin ult-responsive ubtn-custom ubtn-no-hover-bg  none  ubtn-center   tooltip-69d49578f21f9\"  data-hover=\"#ffffff\" data-border-color=\"\" data-bg=\"#d7e7ef\" data-hover-bg=\"#bed686\" data-border-hover=\"\" data-shadow-hover=\"\" data-shadow-click=\"none\" data-shadow=\"\" data-shd-shadow=\"\"  data-ultimate-target='#ubtn-9654'  data-responsive-json-new='{\"font-size\":\"desktop:17px;\",\"line-height\":\"\"}'  style=\"font-weight:normal;width:200px;min-height:50px;padding:px px;border:none;background: #d7e7ef;color: #000000;\"><span class=\"ubtn-hover\" style=\"background-color:#bed686\"><\/span><span class=\"ubtn-data ubtn-text \" >Fair Fashion<\/span><\/button><\/a><\/div>[\/vc_column][vc_column width=&#8220;1\/4&#8243; offset=&#8220;vc_col-md-1\/5 vc_col-xs-6&#8243;]<div class=\" ubtn-ctn-center \"><a class=\"ubtn-link ult-adjust-bottom-margin ubtn-center ubtn-custom \" href=\"https:\/\/www.kein-planet-b.de\/ratgeber\/essen-trinken\/\" title=\"Essen &amp; Trinken\" ><button type=\"button\" id=\"ubtn-9824\"  class=\"ubtn ult-adjust-bottom-margin ult-responsive ubtn-custom ubtn-no-hover-bg  none  ubtn-center   tooltip-69d49578f220b\"  data-hover=\"#ffffff\" data-border-color=\"\" data-bg=\"#d7e7ef\" data-hover-bg=\"#bed686\" data-border-hover=\"\" data-shadow-hover=\"\" data-shadow-click=\"none\" data-shadow=\"\" data-shd-shadow=\"\"  data-ultimate-target='#ubtn-9824'  data-responsive-json-new='{\"font-size\":\"desktop:17px;\",\"line-height\":\"\"}'  style=\"font-weight:normal;width:200px;min-height:50px;padding:px px;border:none;background: #d7e7ef;color: #000000;\"><span class=\"ubtn-hover\" style=\"background-color:#bed686\"><\/span><span class=\"ubtn-data ubtn-text \" >Essen &amp; Trinken<\/span><\/button><\/a><\/div>[\/vc_column][\/vc_row][vc_row][vc_column][vc_text_separator title=&#8220;Neuste Beitr\u00e4ge&#8220;][vc_masonry_grid post_type=&#8220;post&#8220; max_items=&#8220;10&#8243; style=&#8220;load-more&#8220; items_per_page=&#8220;20&#8243; btn_style=&#8220;modern&#8220; btn_color=&#8220;danger&#8220; btn_align=&#8220;center&#8220; btn_button_block=&#8220;true&#8220; grid_id=&#8220;vc_gid:1716972169448-698380ab-57d0-4&#8243;][\/vc_column][\/vc_row][vc_row][vc_column][\/vc_column][\/vc_row]<\/p>\n","protected":false},"excerpt":{"rendered":"<p>[vc_row][vc_column][vc_single_image image=&#8220;1457&#8243; img_size=&#8220;full&#8220; alignment=&#8220;center&#8220;][vc_column_text css=&#8220;.vc_custom_1610880527680{padding-top: 20px !important;}&#8220;] kein Planet B Ratgeber [\/vc_column_text][\/vc_column][\/vc_row][vc_row][vc_column width=&#8220;1\/2&#8243;][vc_column_text]Im kein Planet B Ratgeber findest du spannende Zero Waste Artikel mit Tipps &amp; Infos rund um die Themen Nachhaltigkeit &amp; Green Living.[\/vc_column_text][\/vc_column][vc_column width=&#8220;1\/2&#8243;][vc_column_text]Schau dich in Ruhe um, st\u00f6ber in unserer Themenvielfalt und lerne neue Dinge \u00fcber alles, was mit Nachhaltigkeit zutun hat.&hellip;<\/p>\n","protected":false},"author":1,"featured_media":0,"parent":0,"menu_order":1,"comment_status":"closed","ping_status":"closed","template":"","meta":[],"yoast_head":"<!-- This site is optimized with the Yoast SEO plugin v17.1 - https:\/\/yoast.com\/wordpress\/plugins\/seo\/ -->\n<title>kein Planet B Ratgeber - Dein Ratgeber f\u00fcr alles rund um Nachhaltigkeit<\/title>\n<meta name=\"description\" content=\"Im kein Planet B Ratgeber findest Du spannende Zero Waste Artikel mit Tipps &amp; Infos rund um die Themen Nachhaltigkeit, Zero Waste.\" \/>\n<meta name=\"robots\" content=\"index, follow, max-snippet:-1, max-image-preview:large, max-video-preview:-1\" \/>\n<link rel=\"canonical\" href=\"https:\/\/www.kein-planet-b.de\/ratgeber\/\" \/>\n<meta property=\"og:locale\" content=\"de_DE\" \/>\n<meta property=\"og:type\" content=\"article\" \/>\n<meta property=\"og:title\" content=\"kein Planet B Ratgeber - Dein Ratgeber f\u00fcr alles rund um Nachhaltigkeit\" \/>\n<meta property=\"og:description\" content=\"Im kein Planet B Ratgeber findest Du spannende Zero Waste Artikel mit Tipps &amp; Infos rund um die Themen Nachhaltigkeit, Zero Waste.\" \/>\n<meta property=\"og:url\" content=\"https:\/\/www.kein-planet-b.de\/ratgeber\/\" \/>\n<meta property=\"og:site_name\" content=\"Kein Planet B Ratgeber\" \/>\n<meta property=\"article:modified_time\" content=\"2024-05-29T08:44:17+00:00\" \/>\n<meta name=\"twitter:card\" content=\"summary_large_image\" \/>\n<meta name=\"twitter:label1\" content=\"Gesch\u00e4tzte Lesezeit\" \/>\n\t<meta name=\"twitter:data1\" content=\"1\u00a0Minute\" \/>\n<script type=\"application\/ld+json\" class=\"yoast-schema-graph\">{\"@context\":\"https:\/\/schema.org\",\"@graph\":[{\"@type\":\"WebSite\",\"@id\":\"https:\/\/www.stallbedarf24.de\/ratgeber\/#website\",\"url\":\"https:\/\/www.stallbedarf24.de\/ratgeber\/\",\"name\":\"Kein Planet B Ratgeber\",\"description\":\"\",\"potentialAction\":[{\"@type\":\"SearchAction\",\"target\":{\"@type\":\"EntryPoint\",\"urlTemplate\":\"https:\/\/www.stallbedarf24.de\/ratgeber\/?s={search_term_string}\"},\"query-input\":\"required name=search_term_string\"}],\"inLanguage\":\"de\"},{\"@type\":\"WebPage\",\"@id\":\"https:\/\/www.kein-planet-b.de\/ratgeber\/#webpage\",\"url\":\"https:\/\/www.kein-planet-b.de\/ratgeber\/\",\"name\":\"kein Planet B Ratgeber - Dein Ratgeber f\\u00fcr alles rund um Nachhaltigkeit\",\"isPartOf\":{\"@id\":\"https:\/\/www.stallbedarf24.de\/ratgeber\/#website\"},\"datePublished\":\"2020-06-24T11:46:21+00:00\",\"dateModified\":\"2024-05-29T08:44:17+00:00\",\"description\":\"Im kein Planet B Ratgeber findest Du spannende Zero Waste Artikel mit Tipps & Infos rund um die Themen Nachhaltigkeit, Zero Waste.\",\"breadcrumb\":{\"@id\":\"https:\/\/www.kein-planet-b.de\/ratgeber\/#breadcrumb\"},\"inLanguage\":\"de\",\"potentialAction\":[{\"@type\":\"ReadAction\",\"target\":[\"https:\/\/www.kein-planet-b.de\/ratgeber\/\"]}]},{\"@type\":\"BreadcrumbList\",\"@id\":\"https:\/\/www.kein-planet-b.de\/ratgeber\/#breadcrumb\",\"itemListElement\":[{\"@type\":\"ListItem\",\"position\":1,\"name\":\"Startseite\",\"item\":\"https:\/\/www.kein-planet-b.de\/ratgeber\/\"},{\"@type\":\"ListItem\",\"position\":2,\"name\":\"Startseite\"}]}]}<\/script>\n<!-- \/ Yoast SEO plugin. -->","yoast_head_json":{"title":"kein Planet B Ratgeber - Dein Ratgeber f\u00fcr alles rund um Nachhaltigkeit","description":"Im kein Planet B Ratgeber findest Du spannende Zero Waste Artikel mit Tipps & Infos rund um die Themen Nachhaltigkeit, Zero Waste.","robots":{"index":"index","follow":"follow","max-snippet":"max-snippet:-1","max-image-preview":"max-image-preview:large","max-video-preview":"max-video-preview:-1"},"canonical":"https:\/\/www.kein-planet-b.de\/ratgeber\/","og_locale":"de_DE","og_type":"article","og_title":"kein Planet B Ratgeber - Dein Ratgeber f\u00fcr alles rund um Nachhaltigkeit","og_description":"Im kein Planet B Ratgeber findest Du spannende Zero Waste Artikel mit Tipps & Infos rund um die Themen Nachhaltigkeit, Zero Waste.","og_url":"https:\/\/www.kein-planet-b.de\/ratgeber\/","og_site_name":"Kein Planet B Ratgeber","article_modified_time":"2024-05-29T08:44:17+00:00","twitter_card":"summary_large_image","twitter_misc":{"Gesch\u00e4tzte Lesezeit":"1\u00a0Minute"},"schema":{"@context":"https:\/\/schema.org","@graph":[{"@type":"WebSite","@id":"https:\/\/www.stallbedarf24.de\/ratgeber\/#website","url":"https:\/\/www.stallbedarf24.de\/ratgeber\/","name":"Kein Planet B Ratgeber","description":"","potentialAction":[{"@type":"SearchAction","target":{"@type":"EntryPoint","urlTemplate":"https:\/\/www.stallbedarf24.de\/ratgeber\/?s={search_term_string}"},"query-input":"required name=search_term_string"}],"inLanguage":"de"},{"@type":"WebPage","@id":"https:\/\/www.kein-planet-b.de\/ratgeber\/#webpage","url":"https:\/\/www.kein-planet-b.de\/ratgeber\/","name":"kein Planet B Ratgeber - Dein Ratgeber f\u00fcr alles rund um Nachhaltigkeit","isPartOf":{"@id":"https:\/\/www.stallbedarf24.de\/ratgeber\/#website"},"datePublished":"2020-06-24T11:46:21+00:00","dateModified":"2024-05-29T08:44:17+00:00","description":"Im kein Planet B Ratgeber findest Du spannende Zero Waste Artikel mit Tipps & Infos rund um die Themen Nachhaltigkeit, Zero Waste.","breadcrumb":{"@id":"https:\/\/www.kein-planet-b.de\/ratgeber\/#breadcrumb"},"inLanguage":"de","potentialAction":[{"@type":"ReadAction","target":["https:\/\/www.kein-planet-b.de\/ratgeber\/"]}]},{"@type":"BreadcrumbList","@id":"https:\/\/www.kein-planet-b.de\/ratgeber\/#breadcrumb","itemListElement":[{"@type":"ListItem","position":1,"name":"Startseite","item":"https:\/\/www.kein-planet-b.de\/ratgeber\/"},{"@type":"ListItem","position":2,"name":"Startseite"}]}]}},"_links":{"self":[{"href":"https:\/\/www.kein-planet-b.de\/ratgeber\/wp-json\/wp\/v2\/pages\/90"}],"collection":[{"href":"https:\/\/www.kein-planet-b.de\/ratgeber\/wp-json\/wp\/v2\/pages"}],"about":[{"href":"https:\/\/www.kein-planet-b.de\/ratgeber\/wp-json\/wp\/v2\/types\/page"}],"author":[{"embeddable":true,"href":"https:\/\/www.kein-planet-b.de\/ratgeber\/wp-json\/wp\/v2\/users\/1"}],"replies":[{"embeddable":true,"href":"https:\/\/www.kein-planet-b.de\/ratgeber\/wp-json\/wp\/v2\/comments?post=90"}],"version-history":[{"count":101,"href":"https:\/\/www.kein-planet-b.de\/ratgeber\/wp-json\/wp\/v2\/pages\/90\/revisions"}],"predecessor-version":[{"id":2110,"href":"https:\/\/www.kein-planet-b.de\/ratgeber\/wp-json\/wp\/v2\/pages\/90\/revisions\/2110"}],"wp:attachment":[{"href":"https:\/\/www.kein-planet-b.de\/ratgeber\/wp-json\/wp\/v2\/media?parent=90"}],"curies":[{"name":"wp","href":"https:\/\/api.w.org\/{rel}","templated":true}]}}